{"id":501,"date":"2020-03-16T15:46:36","date_gmt":"2020-03-16T15:46:36","guid":{"rendered":"https:\/\/the7.io\/elementor-minimal-creative-light\/?page_id=501"},"modified":"2025-10-09T10:46:42","modified_gmt":"2025-10-09T10:46:42","slug":"portfolio-v002","status":"publish","type":"page","link":"https:\/\/di3ingenieria.es\/index.php\/projects\/portfolio-v002\/","title":{"rendered":"Proyectos 2"},"content":{"rendered":"\t\t<div data-elementor-type=\"wp-page\" data-elementor-id=\"501\" class=\"elementor elementor-501\" data-elementor-post-type=\"page\">\n\t\t\t\t\t\t<section class=\"elementor-section elementor-top-section elementor-element elementor-element-420016b elementor-section-boxed elementor-section-height-default elementor-section-height-default\" data-id=\"420016b\" data-element_type=\"section\">\n\t\t\t\t\t\t<div class=\"elementor-container elementor-column-gap-wider\">\n\t\t\t\t\t<div class=\"elementor-column elementor-col-100 elementor-top-column elementor-element elementor-element-d25fe61\" data-id=\"d25fe61\" data-element_type=\"column\">\n\t\t\t<div class=\"elementor-widget-wrap elementor-element-populated\">\n\t\t\t\t\t\t<div class=\"elementor-element elementor-element-ee6e44f elementor-widget elementor-widget-heading\" data-id=\"ee6e44f\" data-element_type=\"widget\" data-widget_type=\"heading.default\">\n\t\t\t\t<div class=\"elementor-widget-container\">\n\t\t\t\t\t<h1 class=\"elementor-heading-title elementor-size-default\">Proyectos<\/h1>\t\t\t\t<\/div>\n\t\t\t\t<\/div>\n\t\t\t\t<div class=\"elementor-element elementor-element-9d2bbd4 elementor-widget elementor-widget-spacer\" data-id=\"9d2bbd4\" data-element_type=\"widget\" data-widget_type=\"spacer.default\">\n\t\t\t\t<div class=\"elementor-widget-container\">\n\t\t\t\t\t\t\t<div class=\"elementor-spacer\">\n\t\t\t<div class=\"elementor-spacer-inner\"><\/div>\n\t\t<\/div>\n\t\t\t\t\t\t<\/div>\n\t\t\t\t<\/div>\n\t\t\t\t<div class=\"elementor-element elementor-element-25d5c4a elementor-widget elementor-widget-text-editor\" data-id=\"25d5c4a\" data-element_type=\"widget\" data-widget_type=\"text-editor.default\">\n\t\t\t\t<div class=\"elementor-widget-container\">\n\t\t\t\t\t\t\t\t\t<p>Robustos, funcionales y bonitos. Estos son algunos de los proyectos que hemos realizado \u00faltimamente. \u00c9chales un vistazo.<\/p>\t\t\t\t\t\t\t\t<\/div>\n\t\t\t\t<\/div>\n\t\t\t\t\t<\/div>\n\t\t<\/div>\n\t\t\t\t\t<\/div>\n\t\t<\/section>\n\t\t\t\t<section class=\"elementor-section elementor-top-section elementor-element elementor-element-335aa21 elementor-section-boxed elementor-section-height-default elementor-section-height-default\" data-id=\"335aa21\" data-element_type=\"section\">\n\t\t\t\t\t\t<div class=\"elementor-container elementor-column-gap-wider\">\n\t\t\t\t\t<div class=\"elementor-column elementor-col-100 elementor-top-column elementor-element elementor-element-9eac6fd\" data-id=\"9eac6fd\" data-element_type=\"column\">\n\t\t\t<div class=\"elementor-widget-wrap elementor-element-populated\">\n\t\t\t\t\t\t<div class=\"elementor-element elementor-element-8750a85 preserve-img-ratio-cover elementor-widget elementor-widget-the7_elements\" data-id=\"8750a85\" data-element_type=\"widget\" data-widget_type=\"the7_elements.default\">\n\t\t\t\t<div class=\"elementor-widget-container\">\n\t\t\t\t\t<div class=\"portfolio-shortcode the7-elementor-widget the7_elements-8750a85 mode-grid dt-css-grid-wrap classic-layout-list description-under-image content-bg-on resize-by-browser-width widget-with-filter loading-effect-none jquery-filter\" data-padding=\"60px\" data-mobile-columns-num=\"1\" data-tablet-columns-num=\"\" data-desktop-columns-num=\"3\" data-wide-desktop-columns-num=\"3\" data-post-limit=\"12\" data-pagination-mode=\"load-more\" data-scroll-offset=\"\" aria-live=\"assertive\"><div class=\"iso-filter filter-decorations css-grid-filter extras-off filter filter-pointer-default    filter-underline-decoration\"><div class=\"filter-categories\" data-default-order=\"\" data-default-orderby=\"\"><a href=\"https:\/\/di3ingenieria.es\/index.php\/projects\/portfolio-v002\/\" class=\"show-all filter-item act\" data-filter=\"*\" aria-label=\"Apply filter: Ver todo\">Ver todo<\/a><a href=\"https:\/\/di3ingenieria.es\/index.php\/projects\/portfolio-v002\/?term=di3-ingenieria\" class=\"filter-item di3-ingenieria\" data-filter=\".category-33\" aria-label=\"Apply filter: Di3 Ingenier\u00eda\">Di3 Ingenier\u00eda<\/a><a href=\"https:\/\/di3ingenieria.es\/index.php\/projects\/portfolio-v002\/?term=tech-for-light\" class=\"filter-item tech-for-light\" data-filter=\".category-31\" aria-label=\"Apply filter: Tech for Light\">Tech for Light<\/a><a href=\"https:\/\/di3ingenieria.es\/index.php\/projects\/portfolio-v002\/?term=tech-to-innovate\" class=\"filter-item tech-to-innovate\" data-filter=\".category-32\" aria-label=\"Apply filter: Tech to Innovate\">Tech to Innovate<\/a><\/div><\/div><div class=\"dt-css-grid custom-pagination-handler\"><div class=\"visible wf-cell category-33 category-32\" data-post-id=\"6426\" data-date=\"2025-04-30T13:50:35+00:00\" data-name=\"Energio\"><article class=\"post visible post-6426 dt_portfolio type-dt_portfolio status-publish has-post-thumbnail hentry dt_portfolio_category-di3-ingenieria dt_portfolio_category-tech-to-innovate\" data-name=\"Energio\" data-date=\"2025-04-30T13:50:35+00:00\">\n\n\t<div class=\"post-thumbnail-wrap\">\n\t\t<div class=\"post-thumbnail\">\n\n\t\t\t<a class=\"post-thumbnail-rollover layzr-bg img-css-resize-wrapper\" aria-label=\"Post image\" href=\"https:\/\/di3ingenieria.es\/index.php\/project\/energio\/\"><img fetchpriority=\"high\" decoding=\"async\" width=\"1920\" height=\"1080\" src=\"data:image\/svg+xml,%3Csvg%20xmlns%3D&#039;http%3A%2F%2Fwww.w3.org%2F2000%2Fsvg&#039;%20viewBox%3D&#039;0%200%201920%201080&#039;%2F%3E\" class=\"attachment-full size-full preload-me aspect lazy lazy-load\" alt=\"\" sizes=\"(max-width: 1920px) 100vw, 1920px\" style=\"--ratio: 1920 \/ 1080;\" data-src=\"https:\/\/di3ingenieria.es\/wp-content\/uploads\/2025\/04\/ImagenPrincipal_LanzamientoPS.png\" loading=\"eager\" data-srcset=\"https:\/\/di3ingenieria.es\/wp-content\/uploads\/2025\/04\/ImagenPrincipal_LanzamientoPS.png 1920w, https:\/\/di3ingenieria.es\/wp-content\/uploads\/2025\/04\/ImagenPrincipal_LanzamientoPS-300x169.png 300w, https:\/\/di3ingenieria.es\/wp-content\/uploads\/2025\/04\/ImagenPrincipal_LanzamientoPS-1024x576.png 1024w, https:\/\/di3ingenieria.es\/wp-content\/uploads\/2025\/04\/ImagenPrincipal_LanzamientoPS-768x432.png 768w, https:\/\/di3ingenieria.es\/wp-content\/uploads\/2025\/04\/ImagenPrincipal_LanzamientoPS-1536x864.png 1536w\" \/><\/a>\n\t\t<\/div>\n\t<\/div>\n\n\n<div class=\"post-entry-content\">\n\n\t<h3 class=\"ele-entry-title\"><a href=\"https:\/\/di3ingenieria.es\/index.php\/project\/energio\/\" rel=\"bookmark\" title=\"Energio\">Energio<\/a><\/h3><div class=\"entry-meta\"><span class=\"meta-item category-link\"><a href=\"https:\/\/di3ingenieria.es\/index.php\/project-category\/di3-ingenieria\/\" rel=\"tag\">Di3 Ingenier\u00eda<\/a>, <a href=\"https:\/\/di3ingenieria.es\/index.php\/project-category\/tech-to-innovate\/\" rel=\"tag\">Tech to Innovate<\/a><\/span><\/div>\n<\/div><\/article><\/div><div class=\"visible wf-cell category-33 category-31 category-32\" data-post-id=\"479\" data-date=\"2021-03-01T23:14:00+00:00\" data-name=\"Lumo\"><article class=\"post visible post-479 dt_portfolio type-dt_portfolio status-publish has-post-thumbnail hentry dt_portfolio_category-di3-ingenieria dt_portfolio_category-tech-for-light dt_portfolio_category-tech-to-innovate\" data-name=\"Lumo\" data-date=\"2021-03-01T23:14:00+00:00\">\n\n\t<div class=\"post-thumbnail-wrap\">\n\t\t<div class=\"post-thumbnail\">\n\n\t\t\t<a class=\"post-thumbnail-rollover layzr-bg img-css-resize-wrapper\" aria-label=\"Post image\" href=\"https:\/\/di3ingenieria.es\/index.php\/project\/project017\/\"><img decoding=\"async\" width=\"2400\" height=\"1600\" src=\"data:image\/svg+xml,%3Csvg%20xmlns%3D&#039;http%3A%2F%2Fwww.w3.org%2F2000%2Fsvg&#039;%20viewBox%3D&#039;0%200%202400%201600&#039;%2F%3E\" class=\"attachment-full size-full preload-me aspect lazy lazy-load\" alt=\"\" sizes=\"(max-width: 2400px) 100vw, 2400px\" style=\"--ratio: 2400 \/ 1600;\" data-src=\"https:\/\/di3ingenieria.es\/wp-content\/uploads\/2024\/01\/4.jpg\" loading=\"eager\" data-srcset=\"https:\/\/di3ingenieria.es\/wp-content\/uploads\/2024\/01\/4.jpg 2400w, https:\/\/di3ingenieria.es\/wp-content\/uploads\/2024\/01\/4-300x200.jpg 300w, https:\/\/di3ingenieria.es\/wp-content\/uploads\/2024\/01\/4-1024x683.jpg 1024w, https:\/\/di3ingenieria.es\/wp-content\/uploads\/2024\/01\/4-768x512.jpg 768w, https:\/\/di3ingenieria.es\/wp-content\/uploads\/2024\/01\/4-1536x1024.jpg 1536w, https:\/\/di3ingenieria.es\/wp-content\/uploads\/2024\/01\/4-2048x1365.jpg 2048w\" \/><\/a>\n\t\t<\/div>\n\t<\/div>\n\n\n<div class=\"post-entry-content\">\n\n\t<h3 class=\"ele-entry-title\"><a href=\"https:\/\/di3ingenieria.es\/index.php\/project\/project017\/\" rel=\"bookmark\" title=\"Lumo\">Lumo<\/a><\/h3><div class=\"entry-meta\"><span class=\"meta-item category-link\"><a href=\"https:\/\/di3ingenieria.es\/index.php\/project-category\/di3-ingenieria\/\" rel=\"tag\">Di3 Ingenier\u00eda<\/a>, <a href=\"https:\/\/di3ingenieria.es\/index.php\/project-category\/tech-for-light\/\" rel=\"tag\">Tech for Light<\/a>, <a href=\"https:\/\/di3ingenieria.es\/index.php\/project-category\/tech-to-innovate\/\" rel=\"tag\">Tech to Innovate<\/a><\/span><\/div>\n<\/div><\/article><\/div><div class=\"visible wf-cell category-33 category-32\" data-post-id=\"460\" data-date=\"2020-03-15T16:30:00+00:00\" data-name=\"Khelium\"><article class=\"post visible post-460 dt_portfolio type-dt_portfolio status-publish has-post-thumbnail hentry dt_portfolio_category-di3-ingenieria dt_portfolio_category-tech-to-innovate\" data-name=\"Khelium\" data-date=\"2020-03-15T16:30:00+00:00\">\n\n\t<div class=\"post-thumbnail-wrap\">\n\t\t<div class=\"post-thumbnail\">\n\n\t\t\t<a class=\"post-thumbnail-rollover layzr-bg img-css-resize-wrapper\" aria-label=\"Post image\" href=\"https:\/\/di3ingenieria.es\/index.php\/project\/project002\/\"><img decoding=\"async\" width=\"1756\" height=\"1316\" src=\"data:image\/svg+xml,%3Csvg%20xmlns%3D&#039;http%3A%2F%2Fwww.w3.org%2F2000%2Fsvg&#039;%20viewBox%3D&#039;0%200%201756%201316&#039;%2F%3E\" class=\"attachment-full size-full preload-me aspect lazy lazy-load\" alt=\"\" sizes=\"(max-width: 1756px) 100vw, 1756px\" style=\"--ratio: 1756 \/ 1316;\" data-src=\"https:\/\/di3ingenieria.es\/wp-content\/uploads\/2020\/03\/background.jpg\" loading=\"eager\" data-srcset=\"https:\/\/di3ingenieria.es\/wp-content\/uploads\/2020\/03\/background.jpg 1756w, https:\/\/di3ingenieria.es\/wp-content\/uploads\/2020\/03\/background-300x225.jpg 300w, https:\/\/di3ingenieria.es\/wp-content\/uploads\/2020\/03\/background-1024x767.jpg 1024w, https:\/\/di3ingenieria.es\/wp-content\/uploads\/2020\/03\/background-768x576.jpg 768w, https:\/\/di3ingenieria.es\/wp-content\/uploads\/2020\/03\/background-1536x1151.jpg 1536w\" \/><\/a>\n\t\t<\/div>\n\t<\/div>\n\n\n<div class=\"post-entry-content\">\n\n\t<h3 class=\"ele-entry-title\"><a href=\"https:\/\/di3ingenieria.es\/index.php\/project\/project002\/\" rel=\"bookmark\" title=\"Khelium\">Khelium<\/a><\/h3><div class=\"entry-meta\"><span class=\"meta-item category-link\"><a href=\"https:\/\/di3ingenieria.es\/index.php\/project-category\/di3-ingenieria\/\" rel=\"tag\">Di3 Ingenier\u00eda<\/a>, <a href=\"https:\/\/di3ingenieria.es\/index.php\/project-category\/tech-to-innovate\/\" rel=\"tag\">Tech to Innovate<\/a><\/span><\/div>\n<\/div><\/article><\/div><div class=\"visible wf-cell category-33 category-32\" data-post-id=\"99\" data-date=\"2020-03-11T16:32:59+00:00\" data-name=\"Grafo\"><article class=\"post visible post-99 dt_portfolio type-dt_portfolio status-publish has-post-thumbnail hentry dt_portfolio_category-di3-ingenieria dt_portfolio_category-tech-to-innovate\" data-name=\"Grafo\" data-date=\"2020-03-11T16:32:59+00:00\">\n\n\t<div class=\"post-thumbnail-wrap\">\n\t\t<div class=\"post-thumbnail\">\n\n\t\t\t<a class=\"post-thumbnail-rollover layzr-bg img-css-resize-wrapper\" aria-label=\"Post image\" href=\"https:\/\/di3ingenieria.es\/index.php\/project\/project006\/\"><img decoding=\"async\" width=\"1522\" height=\"1109\" src=\"data:image\/svg+xml,%3Csvg%20xmlns%3D&#039;http%3A%2F%2Fwww.w3.org%2F2000%2Fsvg&#039;%20viewBox%3D&#039;0%200%201522%201109&#039;%2F%3E\" class=\"attachment-full size-full preload-me aspect lazy lazy-load\" alt=\"\" sizes=\"(max-width: 1522px) 100vw, 1522px\" style=\"--ratio: 1522 \/ 1109;\" data-src=\"https:\/\/di3ingenieria.es\/wp-content\/uploads\/2020\/03\/Grafo.png\" loading=\"eager\" data-srcset=\"https:\/\/di3ingenieria.es\/wp-content\/uploads\/2020\/03\/Grafo.png 1522w, https:\/\/di3ingenieria.es\/wp-content\/uploads\/2020\/03\/Grafo-300x219.png 300w, https:\/\/di3ingenieria.es\/wp-content\/uploads\/2020\/03\/Grafo-1024x746.png 1024w, https:\/\/di3ingenieria.es\/wp-content\/uploads\/2020\/03\/Grafo-768x560.png 768w\" \/><\/a>\n\t\t<\/div>\n\t<\/div>\n\n\n<div class=\"post-entry-content\">\n\n\t<h3 class=\"ele-entry-title\"><a href=\"https:\/\/di3ingenieria.es\/index.php\/project\/project006\/\" rel=\"bookmark\" title=\"Grafo\">Grafo<\/a><\/h3><div class=\"entry-meta\"><span class=\"meta-item category-link\"><a href=\"https:\/\/di3ingenieria.es\/index.php\/project-category\/di3-ingenieria\/\" rel=\"tag\">Di3 Ingenier\u00eda<\/a>, <a href=\"https:\/\/di3ingenieria.es\/index.php\/project-category\/tech-to-innovate\/\" rel=\"tag\">Tech to Innovate<\/a><\/span><\/div>\n<\/div><\/article><\/div><\/div><!-- iso-container|iso-grid --><div class=\"paginator filter-decorations paginator-more-button filter-pointer-background\">\n\t\t\t\t<a class=\"button-load-more highlighted filter-item\" href=\"javascript:void(0);\" data-dt-page=\"1\" ><span class=\"button-caption\">Ver m\u00e1s<\/span><i aria-hidden=\"true\" class=\"feather feather-more-horizontal\"><\/i><\/a>\n\t\t\t<\/div><\/div>\t\t\t\t<\/div>\n\t\t\t\t<\/div>\n\t\t\t\t\t<\/div>\n\t\t<\/div>\n\t\t\t\t\t<\/div>\n\t\t<\/section>\n\t\t\t\t<section class=\"elementor-section elementor-top-section elementor-element elementor-element-663d017 elementor-section-boxed elementor-section-height-default elementor-section-height-default\" data-id=\"663d017\" data-element_type=\"section\">\n\t\t\t\t\t\t<div class=\"elementor-container elementor-column-gap-default\">\n\t\t\t\t\t<div class=\"elementor-column elementor-col-100 elementor-top-column elementor-element elementor-element-e9b919a\" data-id=\"e9b919a\" data-element_type=\"column\">\n\t\t\t<div class=\"elementor-widget-wrap elementor-element-populated\">\n\t\t\t\t\t\t<div class=\"elementor-element elementor-element-3b2f2b6 arrows-relative-to-image preserve-img-ratio-contain slider-layout_1 slider-tablet-default slider-mobile-default slide-h-position-center bullets-small-dot-stroke elementor-widget elementor-widget-the7_content_carousel\" data-id=\"3b2f2b6\" data-element_type=\"widget\" data-settings=\"{&quot;wide_desk_columns&quot;:4,&quot;widget_columns&quot;:20,&quot;widget_columns_tablet&quot;:4,&quot;widget_columns_mobile&quot;:2,&quot;gap_between_posts&quot;:{&quot;unit&quot;:&quot;px&quot;,&quot;size&quot;:10,&quot;sizes&quot;:[]},&quot;gap_between_posts_tablet&quot;:{&quot;unit&quot;:&quot;px&quot;,&quot;size&quot;:10,&quot;sizes&quot;:[]},&quot;gap_between_posts_mobile&quot;:{&quot;unit&quot;:&quot;px&quot;,&quot;size&quot;:0,&quot;sizes&quot;:[]},&quot;normal_arrow_bg_color&quot;:&quot;#FFFFFF00&quot;,&quot;hover_arrow_bg_color&quot;:&quot;#FFFFFF00&quot;}\" data-widget_type=\"the7_content_carousel.default\">\n\t\t\t\t<div class=\"elementor-widget-container\">\n\t\t\t\t\t<div class=\"disable-arrows-hover-bg owl-carousel text-and-icon-carousel elementor-owl-carousel-call the7-elementor-widget the7_content_carousel-3b2f2b6\" data-scroll-mode=\"1\" data-auto-height=\"false\" data-speed=\"600\" data-autoplay=\"false\" data-autoplay_speed=\"\"><a  class=\"dt-owl-item-wrap box-hover box-hover\"  href=\"https:\/\/the7.io\/\" target=\"_blank\"><div class=\"dt-owl-item-inner \"><div  class=\"dt-owl-item-image layzr-bg img-css-resize-wrapper\"> <img decoding=\"async\" width=\"1100\" height=\"260\" src=\"data:image\/svg+xml,%3Csvg%20xmlns%3D&#039;http%3A%2F%2Fwww.w3.org%2F2000%2Fsvg&#039;%20viewBox%3D&#039;0%200%201%201&#039;%2F%3E\" class=\"attachment-2048x2048 size-2048x2048 preload-me aspect lazy lazy-load\" alt=\"\" sizes=\"(max-width: 1100px) 100vw, 1100px\" data-src=\"https:\/\/di3ingenieria.es\/wp-content\/uploads\/2025\/10\/Circutor_Logo_Digital_C_RGB_gris_transparente.png\" loading=\"eager\" data-srcset=\"https:\/\/di3ingenieria.es\/wp-content\/uploads\/2025\/10\/Circutor_Logo_Digital_C_RGB_gris_transparente.png 1100w, https:\/\/di3ingenieria.es\/wp-content\/uploads\/2025\/10\/Circutor_Logo_Digital_C_RGB_gris_transparente-300x71.png 300w, https:\/\/di3ingenieria.es\/wp-content\/uploads\/2025\/10\/Circutor_Logo_Digital_C_RGB_gris_transparente-1024x242.png 1024w, https:\/\/di3ingenieria.es\/wp-content\/uploads\/2025\/10\/Circutor_Logo_Digital_C_RGB_gris_transparente-768x182.png 768w\" \/><\/div><\/div><\/a><a  class=\"dt-owl-item-wrap box-hover box-hover\"  href=\"https:\/\/the7.io\/\" target=\"_blank\"><div class=\"dt-owl-item-inner \"><div  class=\"dt-owl-item-image layzr-bg img-css-resize-wrapper\"> <img decoding=\"async\" width=\"1024\" height=\"1024\" src=\"data:image\/svg+xml,%3Csvg%20xmlns%3D&#039;http%3A%2F%2Fwww.w3.org%2F2000%2Fsvg&#039;%20viewBox%3D&#039;0%200%201%201&#039;%2F%3E\" class=\"attachment-2048x2048 size-2048x2048 preload-me aspect lazy lazy-load\" alt=\"\" sizes=\"(max-width: 1024px) 100vw, 1024px\" data-src=\"https:\/\/di3ingenieria.es\/wp-content\/uploads\/2025\/10\/LOGO-CODORNIU-grisos.png\" loading=\"eager\" data-srcset=\"https:\/\/di3ingenieria.es\/wp-content\/uploads\/2025\/10\/LOGO-CODORNIU-grisos.png 1024w, https:\/\/di3ingenieria.es\/wp-content\/uploads\/2025\/10\/LOGO-CODORNIU-grisos-300x300.png 300w, https:\/\/di3ingenieria.es\/wp-content\/uploads\/2025\/10\/LOGO-CODORNIU-grisos-150x150.png 150w, https:\/\/di3ingenieria.es\/wp-content\/uploads\/2025\/10\/LOGO-CODORNIU-grisos-768x768.png 768w\" \/><\/div><\/div><\/a><a  class=\"dt-owl-item-wrap box-hover box-hover\"  href=\"https:\/\/the7.io\/\" target=\"_blank\"><div class=\"dt-owl-item-inner \"><div  class=\"dt-owl-item-image layzr-bg img-css-resize-wrapper\"> <img decoding=\"async\" width=\"400\" height=\"120\" src=\"data:image\/svg+xml,%3Csvg%20xmlns%3D&#039;http%3A%2F%2Fwww.w3.org%2F2000%2Fsvg&#039;%20viewBox%3D&#039;0%200%201%201&#039;%2F%3E\" class=\"attachment-2048x2048 size-2048x2048 preload-me aspect lazy lazy-load\" alt=\"\" sizes=\"(max-width: 400px) 100vw, 400px\" data-src=\"https:\/\/di3ingenieria.es\/wp-content\/uploads\/2025\/10\/logo-blanco-reducido-gris.png\" loading=\"eager\" data-srcset=\"https:\/\/di3ingenieria.es\/wp-content\/uploads\/2025\/10\/logo-blanco-reducido-gris.png 400w, https:\/\/di3ingenieria.es\/wp-content\/uploads\/2025\/10\/logo-blanco-reducido-gris-300x90.png 300w\" \/><\/div><\/div><\/a><a  class=\"dt-owl-item-wrap box-hover box-hover\"  href=\"https:\/\/the7.io\/\" target=\"_blank\"><div class=\"dt-owl-item-inner \"><div  class=\"dt-owl-item-image layzr-bg img-css-resize-wrapper\"> <img decoding=\"async\" width=\"900\" height=\"428\" src=\"data:image\/svg+xml,%3Csvg%20xmlns%3D&#039;http%3A%2F%2Fwww.w3.org%2F2000%2Fsvg&#039;%20viewBox%3D&#039;0%200%201%201&#039;%2F%3E\" class=\"attachment-2048x2048 size-2048x2048 preload-me aspect lazy lazy-load\" alt=\"\" data-src=\"https:\/\/di3ingenieria.es\/wp-content\/uploads\/2025\/09\/InnovaCluster_PositiuFonsTransparent-e1759134611418.png\" loading=\"eager\" \/><\/div><\/div><\/a><\/div><div class=\"owl-nav disabled\"><div class=\"owl-prev\" role=\"button\"><i class=\"feather feather-chevron-left\"><\/i><\/div><div class=\"owl-next\" role=\"button\"><i class=\"feather feather-chevron-right\"><\/i><\/div><\/div>\t\t\t\t<\/div>\n\t\t\t\t<\/div>\n\t\t\t\t\t<\/div>\n\t\t<\/div>\n\t\t\t\t\t<\/div>\n\t\t<\/section>\n\t\t\t\t<section class=\"elementor-section elementor-top-section elementor-element elementor-element-5679c8b elementor-section-boxed elementor-section-height-default elementor-section-height-default\" data-id=\"5679c8b\" data-element_type=\"section\">\n\t\t\t\t\t\t<div class=\"elementor-container elementor-column-gap-default\">\n\t\t\t\t\t<div class=\"elementor-column elementor-col-100 elementor-top-column elementor-element elementor-element-6fec03d\" data-id=\"6fec03d\" data-element_type=\"column\">\n\t\t\t<div class=\"elementor-widget-wrap elementor-element-populated\">\n\t\t\t\t\t\t\t<\/div>\n\t\t<\/div>\n\t\t\t\t\t<\/div>\n\t\t<\/section>\n\t\t\t\t<\/div>\n\t\t","protected":false},"excerpt":{"rendered":"<p>Proyectos Robustos, funcionales y bonitos. Estos son algunos de los proyectos que hemos realizado \u00faltimamente. \u00c9chales un vistazo. Ver todoDi3 Ingenier\u00edaTech for LightTech to Innovate Energio Di3 Ingenier\u00eda, Tech to Innovate Lumo Di3 Ingenier\u00eda, Tech for Light, Tech to Innovate Khelium Di3 Ingenier\u00eda, Tech to Innovate Grafo Di3 Ingenier\u00eda, Tech to Innovate Ver m\u00e1s<\/p>\n","protected":false},"author":1,"featured_media":0,"parent":19,"menu_order":30,"comment_status":"open","ping_status":"closed","template":"","meta":{"footnotes":""},"class_list":["post-501","page","type-page","status-publish","hentry"],"_links":{"self":[{"href":"https:\/\/di3ingenieria.es\/index.php\/wp-json\/wp\/v2\/pages\/501","targetHints":{"allow":["GET"]}}],"collection":[{"href":"https:\/\/di3ingenieria.es\/index.php\/wp-json\/wp\/v2\/pages"}],"about":[{"href":"https:\/\/di3ingenieria.es\/index.php\/wp-json\/wp\/v2\/types\/page"}],"author":[{"embeddable":true,"href":"https:\/\/di3ingenieria.es\/index.php\/wp-json\/wp\/v2\/users\/1"}],"replies":[{"embeddable":true,"href":"https:\/\/di3ingenieria.es\/index.php\/wp-json\/wp\/v2\/comments?post=501"}],"version-history":[{"count":22,"href":"https:\/\/di3ingenieria.es\/index.php\/wp-json\/wp\/v2\/pages\/501\/revisions"}],"predecessor-version":[{"id":6493,"href":"https:\/\/di3ingenieria.es\/index.php\/wp-json\/wp\/v2\/pages\/501\/revisions\/6493"}],"up":[{"embeddable":true,"href":"https:\/\/di3ingenieria.es\/index.php\/wp-json\/wp\/v2\/pages\/19"}],"wp:attachment":[{"href":"https:\/\/di3ingenieria.es\/index.php\/wp-json\/wp\/v2\/media?parent=501"}],"curies":[{"name":"wp","href":"https:\/\/api.w.org\/{rel}","templated":true}]}}